{"id":150,"date":"2012-02-11T11:55:13","date_gmt":"2012-02-11T11:55:13","guid":{"rendered":"http:\/\/mudic.umh.es\/?page_id=150"},"modified":"2012-04-18T17:18:45","modified_gmt":"2012-04-18T17:18:45","slug":"el-baul","status":"publish","type":"page","link":"https:\/\/mudic.umh.es\/ca\/el-baul\/","title":{"rendered":"El ba\u00fal"},"content":{"rendered":"<p style=\"text-align: center\"><a href=\"https:\/\/mudic.umh.es\/files\/2012\/02\/baul.png\"><img loading=\"lazy\" class=\"size-full wp-image-194 aligncenter\" title=\"baul\" src=\"https:\/\/mudic.umh.es\/files\/2012\/02\/baul.png\" alt=\"\" width=\"455\" height=\"329\" srcset=\"https:\/\/mudic.umh.es\/files\/2012\/02\/baul.png 2107w, https:\/\/mudic.umh.es\/files\/2012\/02\/baul-300x216.png 300w, https:\/\/mudic.umh.es\/files\/2012\/02\/baul-1024x740.png 1024w\" sizes=\"(max-width: 455px) 100vw, 455px\" \/><\/a>Este es el espacio en el que encontrar\u00e1s todas las actividades en las que el MUDIC pone su esfuerzo.<\/p>\n<p>A trav\u00e9s de la pesta\u00f1a desplegable podr\u00e1s acceder a las distintas jornadas, talleres o convocatorias que la Fundaci\u00f3n organiza a lo largo del a\u00f1o.<\/p>\n","protected":false},"excerpt":{"rendered":"<p>Este es el espacio en el que encontrar\u00e1s todas las actividades en las que el MUDIC pone su esfuerzo.<br \/>\nA trav\u00e9s de la pesta\u00f1a desplegable podr\u00e1s acceder a las distintas jornadas, talleres o convocatorias que la Fundaci\u00f3n organiza a lo largo del a\u00f1o.<\/p>\n","protected":false},"author":100,"featured_media":0,"parent":0,"menu_order":0,"comment_status":"closed","ping_status":"closed","template":"","meta":{"_links_to":"","_links_to_target":""},"_links":{"self":[{"href":"https:\/\/mudic.umh.es\/ca\/wp-json\/wp\/v2\/pages\/150"}],"collection":[{"href":"https:\/\/mudic.umh.es\/ca\/wp-json\/wp\/v2\/pages"}],"about":[{"href":"https:\/\/mudic.umh.es\/ca\/wp-json\/wp\/v2\/types\/page"}],"author":[{"embeddable":true,"href":"https:\/\/mudic.umh.es\/ca\/wp-json\/wp\/v2\/users\/100"}],"replies":[{"embeddable":true,"href":"https:\/\/mudic.umh.es\/ca\/wp-json\/wp\/v2\/comments?post=150"}],"version-history":[{"count":0,"href":"https:\/\/mudic.umh.es\/ca\/wp-json\/wp\/v2\/pages\/150\/revisions"}],"wp:attachment":[{"href":"https:\/\/mudic.umh.es\/ca\/wp-json\/wp\/v2\/media?parent=150"}],"curies":[{"name":"wp","href":"https:\/\/api.w.org\/{rel}","templated":true}]}}