{"id":157,"date":"2012-02-20T21:39:36","date_gmt":"2012-02-20T21:39:36","guid":{"rendered":"http:\/\/mudic.umh.es\/ii-primavera-cientifica-%c2%bfte-apuntas\/"},"modified":"2012-04-12T21:20:20","modified_gmt":"2012-04-12T21:20:20","slug":"ii-primavera-cientifica-%c2%bfte-apuntas","status":"publish","type":"page","link":"https:\/\/mudic.umh.es\/ca\/el-baul\/ii-primavera-cientifica-%c2%bfte-apuntas\/","title":{"rendered":"II Primavera Cient\u00edfica \u00bfTe apuntas?"},"content":{"rendered":"<p style=\"text-align: center\"><a href=\"http:\/\/issuu.com\/lagomaelastica\/docs\/grados_baja_resolucion?mode=window&amp;backgroundColor=%23222222\"><img loading=\"lazy\" class=\"aligncenter size-full wp-image-155\" title=\"Captura folleto para fb\" src=\"https:\/\/mudic.umh.es\/files\/2012\/02\/Captura-folleto-para-fb1.jpg\" alt=\"captura\" width=\"555\" height=\"266\" srcset=\"https:\/\/mudic.umh.es\/files\/2012\/02\/Captura-folleto-para-fb1.jpg 793w, https:\/\/mudic.umh.es\/files\/2012\/02\/Captura-folleto-para-fb1-300x143.jpg 300w\" sizes=\"(max-width: 555px) 100vw, 555px\" \/><\/a><\/p>\n<p>Ya est\u00e1 aqu\u00ed, ya lleg\u00f3 la II Primavera Cient\u00edfica de la Vega Baja del Segura, y este a\u00f1o llega de la mano de la Fundaci\u00f3n MUDIC-VBS-CV <a href=\"https:\/\/mudic.umh.es\/about\/\" target=\"_blank\">recientemente constituida<\/a>. La edici\u00f3n del 2012 gira en torno al <a href=\"http:\/\/www.un.org\/es\/events\/sustainableenergyforall\/\" target=\"_blank\"><strong>A\u00f1o Internacional de la Energ\u00eda Sostenible para Todos<\/strong><\/a><strong>.<a rel=\"nofollow\" href=\"http:\/\/www.un.org\/es\/events\/sustainableenergyforall\/\" target=\"_blank\"><\/a><\/strong><\/p>\n<p>El programa de este a\u00f1o sigue abierto, motivo por el cual el d\u00edptico todav\u00eda no est\u00e1 cerrado. Sin embargo, a trav\u00e9s del blog y el calendario de actividades,<a href=\"https:\/\/www.facebook.com\/MUDIC.ciencia\" target=\"_blank\"> facebook<\/a> y <a href=\"https:\/\/twitter.com\/#!\/mudic_ciencia\" target=\"_blank\">twitter<\/a> iremos inform\u00e1ndoos de todas las novedades.<\/p>\n<p>Este a\u00f1o tenemos conferencias para todos los p\u00fablicos como en la convocatoria anterior, de las cuales algunas se repiten en centros de bachillerato y van dirigidas al alumnado. Adem\u00e1s, tenemos talleres para profesorado y alumnado que pueden concertarse llamando al tel\u00e9fono 966749766.  A la Primavera Cient\u00edfica sumamos el <strong>V Certamen de Ciencias Experimentales de la Vega Baja del Segura<\/strong> que tendr\u00e1 lugar del 19 al 21 de abril en Callosa del Segura.  Otra novedad es la inclusi\u00f3n del concurso: <strong>Un experimento para una sonda<\/strong> dirigido a escolares de Bachillerato y primer curso de Universidad.<\/p>\n<h4><span style=\"text-decoration: underline\"><strong>Conferencias para todos los p\u00fablicos<\/strong><\/span><\/h4>\n<p><strong>Lunes 20de febrero   19:30 h.<\/strong><br \/>\nConferencia: El espacio al servicio de la humanidad<br \/>\nA cargo de Antonio Fuentes Lorens, Ingeniero Aeron\u00e1utico de EADS (European Aeronautic Defence and Space Company), CASA (Construcciones Aerona\u00faticas S.A) y DASA (Deutsche Aerospace)<br \/>\nLugar: Aula 2.4  Campus de las Salesas de la UMH en Orihuela.<\/p>\n<p><strong>Jueves 23 de febrero     20:00 h.<\/strong><br \/>\nConferencia: Observaci\u00f3n del cielo nocturno<br \/>\nCharla de Jos\u00e9 Manuel Villa, coordinador del grupo de astronom\u00eda de la APC &#8220;Hypatia de Alejandr\u00eda&#8221; en el sal\u00f3n de Actos del IES \u201cTh\u00e1der\u201d y Observaci\u00f3n a simple vista y con telescopios del cielo nocturno por el grupo de Astronom\u00eda de la APC &#8220;Hypatia de Alejandr\u00eda&#8221;.<\/p>\n<p><strong>Lunes 27 de febrero    19:30 h.<\/strong><br \/>\nConferencia:El Large Hadron Collider: Un viaje al interior de la materia<br \/>\nA cargo de Antonio Pich, premio Humbolt de Investigaci\u00f3n 2011 y catedr\u00e1tico de F\u00edsica Te\u00f3rica de la Universidad de Valencia.<br \/>\nLugar: Aula 2.4 Campus de las Salesas de la UMH en Orihuela.<br \/>\nLugar:  IES Th\u00e1der.<\/p>\n<p><strong>Jueves 29 de marzo a las 12:30 h.<\/strong><br \/>\nConferencia: Software libre.<br \/>\nA cargo de Alejandro Roca, inform\u00e1tico y profesor de secundaria.<br \/>\nLugar: Sal\u00f3n de grados de la EPSO.<\/p>\n<h4><span style=\"text-decoration: underline\"><strong><span style=\"text-decoration: underline\"><strong>Conferencias centros eductivos<\/strong><\/span><\/strong><\/span><\/h4>\n<p><strong>Martes 21 de febrero 10:00 h.<\/strong><br \/>\nConferencia: Ciencia y Tecnolog\u00eda en el Sector Aeroespacial (la Aeron\u00e1utica)<br \/>\nA cargo de Antonio Fuentes Lorens, Ingeniero Aeron\u00e1utico de EADS (European Aeronautic Defence and Space Company), CASA (Construcciones Aerona\u00faticas S.A) y DASA (Deutsche Aerospace)<br \/>\nLugar: IES Thader<br \/>\n<strong>Martes 28 de febrero 10:00 h.<\/strong><br \/>\nConferencia:&#8221;El Large Hadron Collider: Un viaje al interior de la materia&#8221;<br \/>\nA cargo de Antonio Pich, premio Humbolt de Investigaci\u00f3n 2011 y catedr\u00e1tico de F\u00edsica Te\u00f3rica de la Universidad de Valencia.<br \/>\nLugar: IES &#8220;Las Epe\u00f1etas&#8221; de Orihuela<\/p>\n<p><strong>Martes 6 marzo 19:30 h.<\/strong><br \/>\nConferencia: La ciencia en la mesa<br \/>\nA cargo de  Fernando Sapi\u00f1a Navarro, divulgador cient\u00edfico y profesor del Departamento de Qu\u00edmica Inorg\u00e1nica y del Instituto de los materiales de la Universidad de Valencia.<br \/>\nLugar: por confirmar<\/p>\n<p><strong>Fecha por confirmar<\/strong><br \/>\nConferencia: : Nanociencias. Los retos de la Qu\u00edmica<br \/>\nA cargo de A cargo de Gonzalo Abell\u00e1n. Divulgador cient\u00edfico. Investigador del Instituto de Qu\u00edmica Molecular de la Universidad de Valencia.<br \/>\nLugar: Aula 2.4 Campus de las Salesas de la UMH en Orihuela.<\/p>\n<h4><span style=\"text-decoration: underline\">Talleres para alumnos (Talleres que se realizan en los centros de secundaria que lo soliciten)<\/span><\/h4>\n<p>&#8211; Taller de matem\u00e1ticas del MUDIC  a cargo de Miguel Angel P\u00e9rez y Juan Rold\u00e1n.<br \/>\n&#8211; Taller de F\u00edsica del MUDIC a cargo de M\u00aa \u00c1ngeles Cases, Jer\u00f3nimo Hurtado y Jes\u00fas Carnicer.<br \/>\n&#8211; Taller:  Ingeniera: \u00bfPor qu\u00e9 no? Rompiendo estereotipos. Las profesiones no entiende de g\u00e9nero. A cargo de profesoras de la Escuela Polit\u00e9cnica Superior de Orihuela de la Universidad Miguel Hern\u00e1ndez.<\/p>\n<p>Para solicitar estas actividades llama de 10 a 13 h al tel\u00e9fono: 966749766<\/p>\n<h4><span style=\"text-decoration: underline\">Talleres para profesorado<\/span><\/h4>\n<p><strong>Lunes 5 de marzo   16:00 a 21:00h.<\/strong><br \/>\n&#8211; Taller: Modelando el agua: hidrocoloides en la cocina.<br \/>\nA cargo de Anabel Terraes y Fernando Sapi\u00f1a, (divulgadores cient\u00edficos y profesores del Departamento de Qu\u00edmica Inorg\u00e1nica y del Instituto de los materiales de la Universidad de Valencia.<br \/>\nLugar:\u2008Laboratorio de Qu\u00edmica de la EPSO<\/p>\n<p><strong>Jueves 15 de marzo   17:00 a 20:00h.<\/strong><br \/>\n&#8211; Taller de Matemagia<br \/>\nA cargo de Fernando Blasco, doctor en Ciencias Matem\u00e1ticas y profesor de la Universidad Polit\u00e9cnica de Madrid. En este taller se muestra c\u00f3mo hacer uso de la magia para explicar y hacer entender distintos principios matem\u00e1ticos. Fernando Blasco es autor de &#8216;El Periodista Matem\u00e1tico&#8217; y &#8216;Matemagia&#8217;, obras divulgativas sobre esta disciplina.<br \/>\nLugar: Salesas.<\/p>\n<h4><span style=\"text-decoration: underline\"><strong>Un experimento una sonda<\/strong><\/span><\/h4>\n<p>Los alumnos en grupos de un m\u00ednimo de 4 alumnos y un m\u00e1ximo de 35 podr\u00e1n dise\u00f1ar experimentos para llevar a cabo en un globo sonda que se lanzar\u00e1 desde Callosa de Segura con motivo de la celebraci\u00f3n del V Certamen de ciencias Vega Baja del Segura.<br \/>\nLa sonda ascender\u00e1 a 40 km de altura por lo que las especiales condiciones de la atm\u00f3sfera a esta altura permitir\u00e1 estudiar el comportamiento de los materiales y sus cambios en unas condiciones dif\u00edcilmente reproducibles en un laboratorio en la superficie terrestre, adem\u00e1s la sonda estar\u00e1 comunicada continuamente con tierra a trav\u00e9s de un cable y los experimentos se pueden recuperar en tierra despu\u00e9s de la ascensi\u00f3n.<br \/>\nLa sonda ya ha sido lanzada varias veces, puede verse su funcionamiento en: <a href=\"http:\/\/bit.ly\/zIba5M\" target=\"_blank\">http:\/\/bit.ly\/zIba5M<\/a><\/p>\n<p>Para m\u00e1s informaci\u00f3n: 966749766<\/p>\n","protected":false},"excerpt":{"rendered":"<p>Ya est\u00e1 aqu\u00ed, ya lleg\u00f3 la II Primavera Cient\u00edfica de la Vega Baja del Segura, y este a\u00f1o llega de la mano de la Fundaci\u00f3n MUDIC-VBS-CV recientemente constituida. La edici\u00f3n del 2012 gira en torno al A\u00f1o Internacional de la Energ\u00eda Sostenible para Todos.<br \/>\nEl programa de este a\u00f1o sigue abierto, motivo por el cual el [&#8230;]<\/p>\n","protected":false},"author":100,"featured_media":0,"parent":150,"menu_order":0,"comment_status":"closed","ping_status":"open","template":"","meta":{"_links_to":"","_links_to_target":""},"_links":{"self":[{"href":"https:\/\/mudic.umh.es\/ca\/wp-json\/wp\/v2\/pages\/157"}],"collection":[{"href":"https:\/\/mudic.umh.es\/ca\/wp-json\/wp\/v2\/pages"}],"about":[{"href":"https:\/\/mudic.umh.es\/ca\/wp-json\/wp\/v2\/types\/page"}],"author":[{"embeddable":true,"href":"https:\/\/mudic.umh.es\/ca\/wp-json\/wp\/v2\/users\/100"}],"replies":[{"embeddable":true,"href":"https:\/\/mudic.umh.es\/ca\/wp-json\/wp\/v2\/comments?post=157"}],"version-history":[{"count":0,"href":"https:\/\/mudic.umh.es\/ca\/wp-json\/wp\/v2\/pages\/157\/revisions"}],"up":[{"embeddable":true,"href":"https:\/\/mudic.umh.es\/ca\/wp-json\/wp\/v2\/pages\/150"}],"wp:attachment":[{"href":"https:\/\/mudic.umh.es\/ca\/wp-json\/wp\/v2\/media?parent=157"}],"curies":[{"name":"wp","href":"https:\/\/api.w.org\/{rel}","templated":true}]}}