{"id":2,"date":"2011-02-08T12:49:27","date_gmt":"2011-02-08T12:49:27","guid":{"rendered":""},"modified":"2012-04-18T17:05:20","modified_gmt":"2012-04-18T17:05:20","slug":"about","status":"publish","type":"page","link":"https:\/\/mudic.umh.es\/ca\/about\/","title":{"rendered":"Mudic-VBS-CV"},"content":{"rendered":"<p>El 21 de diciembre el Mudic se constituy\u00f3 como &#8220;<strong>Fundaci\u00f3n MUDIC- VBS-CV&#8221;. <\/strong>El acto tuvo lugar en el hall del edificio que alberga las instalaciones del museo y a el acudieron el rector de la Universidad Miguel Hern\u00e1ndez (UMH) de Elche, Jes\u00fas Tadeo Pastor Ciurana, el alcalde de Orihuela, Montserrate Guill\u00e9n, y el presidente de la Asociaci\u00f3n de Profesores de Ciencias Hypatia de Alejandr\u00eda, Juan Rold\u00e1n Zafra, quienes firmaron el\u00a0 acuerdo de colaboraci\u00f3n que ha dado lugar a la configuraci\u00f3n de la Fundaci\u00f3n Museo Did\u00e1ctico e Interactivo de Ciencias de la Vega Baja del Segura de la Comunidad Valenciana (MUDIC-VBS- CV).<\/p>\n<p style=\"text-align: center\">\n<div id=\"attachment_151\" style=\"width: 310px\" class=\"wp-caption aligncenter\"><a href=\"https:\/\/mudic.umh.es\/files\/2011\/02\/IMG_2459.jpg\"><img aria-describedby=\"caption-attachment-151\" loading=\"lazy\" class=\"size-medium wp-image-151 \" title=\"IMG_2459\" src=\"https:\/\/mudic.umh.es\/files\/2011\/02\/IMG_2459-300x178.jpg\" alt=\"\" width=\"300\" height=\"178\" srcset=\"https:\/\/mudic.umh.es\/files\/2011\/02\/IMG_2459-300x178.jpg 300w, https:\/\/mudic.umh.es\/files\/2011\/02\/IMG_2459-1024x608.jpg 1024w\" sizes=\"(max-width: 300px) 100vw, 300px\" \/><\/a><p id=\"caption-attachment-151\" class=\"wp-caption-text\">Un momento del acto de configuraci\u00f3n de la Fundaci\u00f3n<\/p><\/div>\n<p><strong>Museo Did\u00e1ctico e Interactivo de Ciencia<\/strong><\/p>\n<div id=\"_mcePaste\">El objetivo general de nuestra acci\u00f3n es la divulgaci\u00f3n cient\u00edfica. Pretendemos contribuir en el impulso dela cultura cient\u00edfica de nuestra sociedad con una propuesta que experimentar\u00e1 con nuevos formatos deactividades divulgativas para acercar la ciencia al p\u00fablico en general y, a los j\u00f3venes en particular.Nuestra acci\u00f3n est\u00e1 enmarcada en la <strong>Semana de la Ciencia<\/strong>, pero en la celebraci\u00f3n de dicha semana proponemos actividades de diferente \u00edndole con el prop\u00f3sito de, adem\u00e1s de contribuir en la popularizaci\u00f3n de la cultura cient\u00edfica, fomentar las vocaciones cient\u00edficas, proponiendo actividadesdirigidas a j\u00f3venes enmarcadas en tem\u00e1ticas relacionadas con el<strong> A\u00f1o Internacional de la Qu\u00edmica<\/strong> y el <strong>A\u00f1o Internacional de los Bosques<\/strong>. Todo ello, sin olvidarnos de resaltar que la mujer tambi\u00e9n ha jugado un papel importante en el desarrollo de la ciencia a lo largo de la historia.<\/div>\n<p>M\u00e1s informaci\u00f3n en:<\/p>\n<p><a href=\"http:\/\/www.facebook.com\/MUDIC.ciencia\" target=\"_blank\">http:\/\/www.facebook.com\/MUDIC.ciencia<\/a><\/p>\n<p><a href=\"http:\/\/twitter.com\/\">http:\/\/twitter.com\/<\/a> (@mudic_ciencia)<\/p>\n","protected":false},"excerpt":{"rendered":"<p>El 21 de diciembre el Mudic se constituy\u00f3 como &#8220;Fundaci\u00f3n MUDIC- VBS-CV&#8221;. El acto tuvo lugar en el hall del edificio que alberga las instalaciones del museo y a el acudieron el rector de la Universidad Miguel Hern\u00e1ndez (UMH) de Elche, Jes\u00fas Tadeo Pastor Ciurana, el alcalde de Orihuela, Montserrate Guill\u00e9n, y el presidente de [&#8230;]<\/p>\n","protected":false},"author":1,"featured_media":0,"parent":0,"menu_order":0,"comment_status":"closed","ping_status":"open","template":"","meta":{"_links_to":"","_links_to_target":""},"_links":{"self":[{"href":"https:\/\/mudic.umh.es\/ca\/wp-json\/wp\/v2\/pages\/2"}],"collection":[{"href":"https:\/\/mudic.umh.es\/ca\/wp-json\/wp\/v2\/pages"}],"about":[{"href":"https:\/\/mudic.umh.es\/ca\/wp-json\/wp\/v2\/types\/page"}],"author":[{"embeddable":true,"href":"https:\/\/mudic.umh.es\/ca\/wp-json\/wp\/v2\/users\/1"}],"replies":[{"embeddable":true,"href":"https:\/\/mudic.umh.es\/ca\/wp-json\/wp\/v2\/comments?post=2"}],"version-history":[{"count":0,"href":"https:\/\/mudic.umh.es\/ca\/wp-json\/wp\/v2\/pages\/2\/revisions"}],"wp:attachment":[{"href":"https:\/\/mudic.umh.es\/ca\/wp-json\/wp\/v2\/media?parent=2"}],"curies":[{"name":"wp","href":"https:\/\/api.w.org\/{rel}","templated":true}]}}