{"id":90,"date":"2011-11-03T09:54:26","date_gmt":"2011-11-03T09:54:26","guid":{"rendered":"http:\/\/mudic.umh.es\/?page_id=90"},"modified":"2012-02-11T11:55:40","modified_gmt":"2012-02-11T11:55:40","slug":"v-semana-de-la-ciencia","status":"publish","type":"page","link":"https:\/\/mudic.umh.es\/ca\/el-baul\/v-semana-de-la-ciencia\/","title":{"rendered":"V Semana de la Ciencia"},"content":{"rendered":"<h4><a href=\"https:\/\/mudic.umh.es\/files\/2011\/10\/sem-ciencia-1-copia1.jpg\"><img loading=\"lazy\" class=\"aligncenter size-full wp-image-65\" title=\"sem ciencia 1 copia\" src=\"https:\/\/mudic.umh.es\/files\/2011\/10\/sem-ciencia-1-copia1.jpg\" alt=\"\" width=\"592\" height=\"278\" srcset=\"https:\/\/mudic.umh.es\/files\/2011\/10\/sem-ciencia-1-copia1.jpg 592w, https:\/\/mudic.umh.es\/files\/2011\/10\/sem-ciencia-1-copia1-300x140.jpg 300w\" sizes=\"(max-width: 592px) 100vw, 592px\" \/><\/a>Llega el oto\u00f1o y con \u00e9l llega la ciencia a la Escuela Polit\u00e9cnica Superior de Orihuela. El martes 18 de octubre una nueva etapa de divulgaci\u00f3n cient\u00edfica arranca con m\u00e1s energ\u00edas que nunca.<\/h4>\n<p>La\u00a0 Escuela Polit\u00e9cnica Superior de Orihuela (EPSO) celebra la <strong>Semana de la Ciencia<\/strong> durante los meses de octubre y noviembre con el objetivo de potenciar al divulgaci\u00f3n cient\u00edfica entre el p\u00fablico general.<br \/>\nEste a\u00f1o la <strong>V Semana de la Ciencia<\/strong> se organiza bajo la estructura  del\u00a0 Museo Did\u00e1ctico e Interactivo de Ciencias de la Vega Baja del  Segura (MUDIC), y se compone de un conjunto de actividades de diferente  \u00edndole con el prop\u00f3sito de, adem\u00e1s de contribuir en la popularizaci\u00f3n de  la cultura cient\u00edfica, fomentar las vocaciones cient\u00edficas, se proponen  actividades dirigidas a j\u00f3venes enmarcadas en tem\u00e1ticas relacionadas  con el A\u00f1o Internacional de la Qu\u00edmica y el<br \/>\nA\u00f1o Internacional de los Bosques. Todo ello, sin olvidarnos de resaltar  que la mujer tambi\u00e9n ha jugado un papel importante en el desarrollo de  la ciencia a lo largo de la historia.<\/p>\n<p>Adem\u00e1s, este a\u00f1o la EPSO comparte programa con el <a href=\"http:\/\/es.scribd.com\/doc\/68399261\/Otono-Cientifico-2011\" target=\"_blank\"><strong>Oto\u00f1o Cient\u00edfico 2011<\/strong><\/a>,  jornada de difusi\u00f3n cient\u00edfica organizadas tambi\u00e9n por el MUDIC y por  la Asociaci\u00f3n de Profesores de Ciencias Hyaptia de Alejandr\u00eda.<\/p>\n<p>El programa de la V Semana de la Ciencia:<\/p>\n<h4><strong>Octubre<\/strong><\/h4>\n<p><strong>18de octubre 12:30h. Inauguraci\u00f3n. <\/strong><br \/>\nConferencia:  Principios \u00e9ticos en la nueva cultura del agua. A cargo de Pedro Arrojo,  Doctor en F\u00edsicas, Profesor Titular del Departamento de An\u00e1lisis  econ\u00f3mico de la Universidad de Zaragoza, Premio Goldman 2003.<br \/>\nLugar: Sal\u00f3n de actos de la Escuela Polit\u00e9cnica Superior de Orihuela.<\/p>\n<p><strong>18de octubre 19:30 h. <\/strong><br \/>\nConferencia: Pioneras espa\u00f1olas en las ciencias.<br \/>\nA  cargo de Carmen Magall\u00f3n. Doctora en Ciencias F\u00edsicas, Profesora  Asociada a la Universidad de Zaragoza, Directora de la Fundaci\u00f3n  Seminario de Investigaci\u00f3n para La Paz, y Vicepresidenta de la  Asociaci\u00f3n Espa\u00f1ola de Investigaci\u00f3n para la Paz (AIPAZ)<br \/>\nLugar: Campus de las Salesas de la UMH en Orihuela.<\/p>\n<h4><strong>Noviembre <\/strong><\/h4>\n<p><strong>3de noviembre\u00a0 19:30 h. <\/strong><br \/>\nEl Universo: \u00bfQu\u00e9 sabemos de su futuro?<br \/>\nA  cargo de Francisco Reyes Andr\u00e9s. F\u00edsico,\u00a0 miembro de la agrupaci\u00f3n  astron\u00f3mica de la Regi\u00f3n de Murcia Lugar: Campus de las Salesas de la  UMH en Orihuela.<\/p>\n<p><strong>8de noviembre 19:30 h. <\/strong><br \/>\nConferencia: Los mundos exoplanetarios y sus caracter\u00edsticas<br \/>\nA cargo de M. Rosa Zapatero Osorio, Investigadora Cient\u00edfica del Centro de Astrobiolog\u00eda (CAB) en Madrid.<br \/>\nLugar: Campus de las Salesas de la UMH en Orihuela.<\/p>\n<p><strong>15de noviembre 19:30 h<\/strong>.<br \/>\nConferencia: Un universo en miniatura. Los desaf\u00edos de la nanociencia molecular.<br \/>\nA  cargo de Eugenio Coronado Miralles,\u00a0 Qu\u00edmico y f\u00edsico, Director del  Instituto de Ciencia Molecular de la Universidad de Valencia.<br \/>\nLugar: Campus de las Salesas de la UMH en Orihuela.<\/p>\n<p><strong>22de noviembre 19:30 h. <\/strong><br \/>\nConferencia: Marie Curie, pasi\u00f3n y obsesi\u00f3n por la ciencia.<br \/>\nA  cargo de Pascual Rom\u00e1n Polo, Catedr\u00e1tico de Qu\u00edmica Inorg\u00e1nica de la  Universidad del Pa\u00eds Vasco\/Euskal Herriko Unibertsitatea (UPV\/EHU).<br \/>\nLugar: Campus de las Salesas de la UMH en Orihuela.<\/p>\n<p><strong>29de noviembre 19:30 h. <\/strong><br \/>\nConferencia: Consumidores de imposibles: una sociedad acr\u00edtica.<br \/>\nA  cargo de Javier Arment\u00eda, Astr\u00f3nomo, Director del Planetario de  Pamplona, miembro de la Sociedad para el Avance del Pensamiento Cr\u00edtico y  divulgador cient\u00edfico responsable de los blogs:\u00a0 Cosmos (alojado en El  Mundo) yPor la boca muere el pez.<br \/>\nLugar: Campus de las Salesas de la UMH en Orihuela.<\/p>\n<h4>Talleres<\/h4>\n<p><strong>18de octubre al 30de noviembre <\/strong><br \/>\n10:00 a 14:00 h.<br \/>\nTalleres  del \u00e1rea de Tecnolog\u00eda de Alimentos para Institutos de Ense\u00f1anza  Secundaria en la EPSO. En estos talleres se elaborar\u00e1n alimentos  saludables ampliamente consumidos por la poblaci\u00f3n juvenil incorporando  ingredientes beneficiosos para la salud, como fibras diet\u00e9ticas. Los  alumnos elaborar\u00e1n los productos siguiendo rigurosamente las  recomendaciones del monitor en cuanto a los requisitos de higiene y  seguridad para la manipulaci\u00f3n de alimentos. Los talleres ofertados son:<br \/>\n&#8211; Hamburguesa saludable<br \/>\n&#8211; L\u00e1cteos saludables<br \/>\n&#8211; Reposter\u00eda saludable<\/p>\n<p>Estamos en <a href=\"http:\/\/www.facebook.com\/#%21\/MUDIC.ciencia\" target=\"_blank\">FaceBook<\/a>, en Twitter @mudic_ciencia y en Flickr.<\/p>\n<p>Los patrocinadores que hacen posible este evento:<\/p>\n<p><a href=\"https:\/\/mudic.umh.es\/files\/2011\/10\/logo-cam.jpg\"><img loading=\"lazy\" title=\"logo cam\" src=\"https:\/\/mudic.umh.es\/files\/2011\/10\/logo-cam-300x225.jpg\" alt=\"\" width=\"300\" height=\"225\" \/><\/a><a href=\"https:\/\/mudic.umh.es\/files\/2011\/10\/476px-Escudo_y_cartel_del_Ayuntamiento_de_Orihuela_svg.png\"><img loading=\"lazy\" title=\"476px-Escudo_y_cartel_del_Ayuntamiento_de_Orihuela_svg\" src=\"https:\/\/mudic.umh.es\/files\/2011\/10\/476px-Escudo_y_cartel_del_Ayuntamiento_de_Orihuela_svg-237x300.png\" alt=\"\" width=\"166\" height=\"210\" \/><\/a><\/p>\n<p><a href=\"https:\/\/mudic.umh.es\/files\/2011\/10\/UMH2.gif\"><img loading=\"lazy\" title=\"UMH\" src=\"https:\/\/mudic.umh.es\/files\/2011\/10\/UMH2.gif\" alt=\"\" width=\"217\" height=\"107\" \/><\/a><\/p>\n<p><a href=\"https:\/\/mudic.umh.es\/files\/2011\/10\/Caja-Rural-Central1.jpg\"><img loading=\"lazy\" title=\"Caja Rural Central\" src=\"https:\/\/mudic.umh.es\/files\/2011\/10\/Caja-Rural-Central1-300x96.jpg\" alt=\"\" width=\"300\" height=\"96\" \/><\/a><a href=\"https:\/\/mudic.umh.es\/files\/2011\/10\/Logo-Hypatia.jpg\"><img loading=\"lazy\" title=\"Logo Hypatia\" src=\"https:\/\/mudic.umh.es\/files\/2011\/10\/Logo-Hypatia.jpg\" alt=\"\" width=\"240\" height=\"145\" \/><\/a><\/p>\n","protected":false},"excerpt":{"rendered":"<p>Llega el oto\u00f1o y con \u00e9l llega la ciencia a la Escuela Polit\u00e9cnica Superior de Orihuela. El martes 18 de octubre una nueva etapa de divulgaci\u00f3n cient\u00edfica arranca con m\u00e1s energ\u00edas que nunca.<br \/>\nLa\u00a0 Escuela Polit\u00e9cnica Superior de Orihuela (EPSO) celebra la Semana de la Ciencia durante los meses de octubre y noviembre con el objetivo [&#8230;]<\/p>\n","protected":false},"author":100,"featured_media":0,"parent":150,"menu_order":0,"comment_status":"closed","ping_status":"open","template":"","meta":{"_links_to":"","_links_to_target":""},"_links":{"self":[{"href":"https:\/\/mudic.umh.es\/ca\/wp-json\/wp\/v2\/pages\/90"}],"collection":[{"href":"https:\/\/mudic.umh.es\/ca\/wp-json\/wp\/v2\/pages"}],"about":[{"href":"https:\/\/mudic.umh.es\/ca\/wp-json\/wp\/v2\/types\/page"}],"author":[{"embeddable":true,"href":"https:\/\/mudic.umh.es\/ca\/wp-json\/wp\/v2\/users\/100"}],"replies":[{"embeddable":true,"href":"https:\/\/mudic.umh.es\/ca\/wp-json\/wp\/v2\/comments?post=90"}],"version-history":[{"count":0,"href":"https:\/\/mudic.umh.es\/ca\/wp-json\/wp\/v2\/pages\/90\/revisions"}],"up":[{"embeddable":true,"href":"https:\/\/mudic.umh.es\/ca\/wp-json\/wp\/v2\/pages\/150"}],"wp:attachment":[{"href":"https:\/\/mudic.umh.es\/ca\/wp-json\/wp\/v2\/media?parent=90"}],"curies":[{"name":"wp","href":"https:\/\/api.w.org\/{rel}","templated":true}]}}