{"id":161,"date":"2012-02-20T22:06:28","date_gmt":"2012-02-20T22:06:28","guid":{"rendered":"http:\/\/mudic.umh.es\/?page_id=161"},"modified":"2012-02-20T22:07:08","modified_gmt":"2012-02-20T22:07:08","slug":"i-primavera-cientifica-2011","status":"publish","type":"page","link":"https:\/\/mudic.umh.es\/en\/el-baul\/i-primavera-cientifica-2011\/","title":{"rendered":"I Primavera Cient\u00edfica 2011"},"content":{"rendered":"<p style=\"text-align: center\"><a href=\"https:\/\/primaveracientifica.umh.es\/files\/2011\/02\/Cartel-Primavera-WEB-copia.jpg\"><img loading=\"lazy\" class=\"aligncenter size-large wp-image-9\" title=\"Cartel-Primavera-WEB copia\" src=\"https:\/\/primaveracientifica.umh.es\/files\/2011\/02\/Cartel-Primavera-WEB-copia-700x1024.jpg\" alt=\"\" width=\"252\" height=\"368\" srcset=\"https:\/\/mudic.umh.es\/files\/2011\/02\/Cartel-Primavera-WEB-copia-700x1024.jpg 700w, https:\/\/mudic.umh.es\/files\/2011\/02\/Cartel-Primavera-WEB-copia-205x300.jpg 205w, https:\/\/mudic.umh.es\/files\/2011\/02\/Cartel-Primavera-WEB-copia.jpg 1688w\" sizes=\"(max-width: 252px) 100vw, 252px\" \/><\/a><\/p>\n<p>En primavera, aprende descubriendo.<\/p>\n<p>Ese es el objetivo de la I Primavera Cient\u00edfica de la Vega Baja, acercar la ciencia y la tecnolog\u00eda a todo el mundo de forma sencilla, atractiva y did\u00e1ctica.<\/p>\n<p>Durante 3 meses tendr\u00e1n lugar diferentes conferencias, talleres y jornadas a trav\u00e9s de las cuales todo el mundo podr\u00e1 descubrir el uso y manejo de un telescopio, la complejidad de los nuevos desaf\u00edos de la qu\u00edmica,  la singularidad de las matem\u00e1ticas a trav\u00e9s de la literatura o la magia  de la selecci\u00f3n natural a trav\u00e9s de los insectos.<\/p>\n<p>PROGRAMA DE ACTIVIDADES:  tambi\u00e9n el d\u00edptico en PDF<\/p>\n<p>-De lunes 7 de febrero a Jueves 10 de febrero Taller: La F\u00edsica de los juguetes.<\/p>\n<p>-Martes 8 de Febrero. Conferencia: La Forma del Universo. Hora: 19:30  Lugar: Campus de las Salesas de la UMH en Orihuela.<\/p>\n<p>-Martes 15 de febrero. Conferencia: Nanociencia, nuevos desaf\u00edos de la Qu\u00edmica. Hora: 19:30  Lugar: Campus de las Salesas de la UMH en Orihuela.<\/p>\n<p>-Jueves 24 de febrero. Jornadas: Influencia  en el medio ambiente de las actividades humanas en el campo. Hora: 16:30 a 19:30 Lugar: Sal\u00f3n de actos de la Escuela Polit\u00e9cnica Superior de Orihuela, campus de Desamparados.<\/p>\n<p>-Jueves 3 de marzo. Conferencia: La edad del tiempo pasado. Hora: 19:30 Lugar: Campus de las Salesas de la UMH en Orihuela<\/p>\n<p>-Jueves 10 de marzo Conferencia: Literatura y Mates. Hora: 19:30 Lugar: Campus de las Salesas de la UMH en Orihuela<\/p>\n<p>&#8211; Martes 15 de marzo. Exposici\u00f3n: Ilusiones \u00f3pticas. Lugar: Hall del edificio Tudemir. Campus de Desamparados de la UMH en Orihuela.<\/p>\n<p>-Jueves 24 de marzo. Taller: Observar el cielo a simple vista y con telescopio.<\/p>\n<p>-Jueves 31 de marzo. Conferencia: \u00bfQu\u00e9 es lo que ves? La cara p\u00edcara de la selecci\u00f3n natural. Hora: 19:30. Lugar: Campus de las Salesas de la UMH en Orihuela<\/p>\n<p>-Jueves 14 de abril. Taller Seminario Superficies Topol\u00f3gicas y Minimales en Arte y Arquitectura. Hora: de 17:00 a 20:00 Lugar: Aula Taller del Mudic situada en el edificio Orcelis de  la Escuela Polit\u00e9cnica Superior de Orihuela<\/p>\n","protected":false},"excerpt":{"rendered":"<p>En primavera, aprende descubriendo.<br \/>\nEse es el objetivo de la I Primavera Cient\u00edfica de la Vega Baja, acercar la ciencia y la tecnolog\u00eda a todo el mundo de forma sencilla, atractiva y did\u00e1ctica.<br \/>\nDurante 3 meses tendr\u00e1n lugar diferentes conferencias, talleres y jornadas a trav\u00e9s de las cuales todo el mundo podr\u00e1 descubrir el uso y manejo [&#8230;]<\/p>\n","protected":false},"author":100,"featured_media":0,"parent":150,"menu_order":0,"comment_status":"closed","ping_status":"open","template":"","meta":{"_links_to":"","_links_to_target":""},"_links":{"self":[{"href":"https:\/\/mudic.umh.es\/en\/wp-json\/wp\/v2\/pages\/161"}],"collection":[{"href":"https:\/\/mudic.umh.es\/en\/wp-json\/wp\/v2\/pages"}],"about":[{"href":"https:\/\/mudic.umh.es\/en\/wp-json\/wp\/v2\/types\/page"}],"author":[{"embeddable":true,"href":"https:\/\/mudic.umh.es\/en\/wp-json\/wp\/v2\/users\/100"}],"replies":[{"embeddable":true,"href":"https:\/\/mudic.umh.es\/en\/wp-json\/wp\/v2\/comments?post=161"}],"version-history":[{"count":0,"href":"https:\/\/mudic.umh.es\/en\/wp-json\/wp\/v2\/pages\/161\/revisions"}],"up":[{"embeddable":true,"href":"https:\/\/mudic.umh.es\/en\/wp-json\/wp\/v2\/pages\/150"}],"wp:attachment":[{"href":"https:\/\/mudic.umh.es\/en\/wp-json\/wp\/v2\/media?parent=161"}],"curies":[{"name":"wp","href":"https:\/\/api.w.org\/{rel}","templated":true}]}}